{"id":60,"date":"2017-04-17T16:22:46","date_gmt":"2017-04-17T14:22:46","guid":{"rendered":"http:\/\/minus16.webd.pl\/?page_id=60"},"modified":"2023-12-05T22:15:28","modified_gmt":"2023-12-05T21:15:28","slug":"kartki-okolicznosciowe","status":"publish","type":"page","link":"http:\/\/minus16.webd.pl\/?page_id=60","title":{"rendered":"BIUROWE US\u0141UGI  W SKLEPIE"},"content":{"rendered":"<p>DRUK PLIK\u00d3W<\/p>\n<p>KSERO<\/p>\n<p>BINDOWANIE<\/p>\n<p>SKANOWANIE<\/p>\n<p>PRZYJMUJEMY I WYSY\u0141AMY POCZT\u0104 ELEKTRONICZN\u0104<\/p>\n","protected":false},"excerpt":{"rendered":"<p> <a class=\"more-link\" href=\"http:\/\/minus16.webd.pl\/?page_id=60\">Czytaj dalej \u2192<\/a><\/p>\n","protected":false},"author":1,"featured_media":88,"parent":0,"menu_order":0,"comment_status":"closed","ping_status":"closed","template":"","meta":[],"_links":{"self":[{"href":"http:\/\/minus16.webd.pl\/index.php?rest_route=\/wp\/v2\/pages\/60"}],"collection":[{"href":"http:\/\/minus16.webd.pl\/index.php?rest_route=\/wp\/v2\/pages"}],"about":[{"href":"http:\/\/minus16.webd.pl\/index.php?rest_route=\/wp\/v2\/types\/page"}],"author":[{"embeddable":true,"href":"http:\/\/minus16.webd.pl\/index.php?rest_route=\/wp\/v2\/users\/1"}],"replies":[{"embeddable":true,"href":"http:\/\/minus16.webd.pl\/index.php?rest_route=%2Fwp%2Fv2%2Fcomments&post=60"}],"version-history":[{"count":9,"href":"http:\/\/minus16.webd.pl\/index.php?rest_route=\/wp\/v2\/pages\/60\/revisions"}],"predecessor-version":[{"id":802,"href":"http:\/\/minus16.webd.pl\/index.php?rest_route=\/wp\/v2\/pages\/60\/revisions\/802"}],"wp:featuredmedia":[{"embeddable":true,"href":"http:\/\/minus16.webd.pl\/index.php?rest_route=\/wp\/v2\/media\/88"}],"wp:attachment":[{"href":"http:\/\/minus16.webd.pl\/index.php?rest_route=%2Fwp%2Fv2%2Fmedia&parent=60"}],"curies":[{"name":"wp","href":"https:\/\/api.w.org\/{rel}","templated":true}]}}