{"id":70,"date":"2017-04-17T22:07:44","date_gmt":"2017-04-17T20:07:44","guid":{"rendered":"http:\/\/minus16.webd.pl\/?page_id=70"},"modified":"2023-12-05T21:57:37","modified_gmt":"2023-12-05T20:57:37","slug":"kiosk","status":"publish","type":"page","link":"http:\/\/minus16.webd.pl\/?page_id=70","title":{"rendered":"ODR\u0118BNA P\u00d3\u0141KA"},"content":{"rendered":"<h1 style=\"text-align: center;\"><strong>Nie szukaj\u00a0 w ca\u0142ym mie\u015bcie, przyjd\u017a do nas po:<\/strong><\/h1>\n<p>\u00a0<\/p>\n<p>W aktualizacji &#8230;&#8230;<\/p>\n\n\n<h2 class=\"wp-block-heading has-text-align-center\"><\/h2>\n","protected":false},"excerpt":{"rendered":"<p> <a class=\"more-link\" href=\"http:\/\/minus16.webd.pl\/?page_id=70\">Czytaj dalej \u2192<\/a><\/p>\n","protected":false},"author":1,"featured_media":525,"parent":0,"menu_order":0,"comment_status":"closed","ping_status":"closed","template":"","meta":[],"_links":{"self":[{"href":"http:\/\/minus16.webd.pl\/index.php?rest_route=\/wp\/v2\/pages\/70"}],"collection":[{"href":"http:\/\/minus16.webd.pl\/index.php?rest_route=\/wp\/v2\/pages"}],"about":[{"href":"http:\/\/minus16.webd.pl\/index.php?rest_route=\/wp\/v2\/types\/page"}],"author":[{"embeddable":true,"href":"http:\/\/minus16.webd.pl\/index.php?rest_route=\/wp\/v2\/users\/1"}],"replies":[{"embeddable":true,"href":"http:\/\/minus16.webd.pl\/index.php?rest_route=%2Fwp%2Fv2%2Fcomments&post=70"}],"version-history":[{"count":42,"href":"http:\/\/minus16.webd.pl\/index.php?rest_route=\/wp\/v2\/pages\/70\/revisions"}],"predecessor-version":[{"id":791,"href":"http:\/\/minus16.webd.pl\/index.php?rest_route=\/wp\/v2\/pages\/70\/revisions\/791"}],"wp:featuredmedia":[{"embeddable":true,"href":"http:\/\/minus16.webd.pl\/index.php?rest_route=\/wp\/v2\/media\/525"}],"wp:attachment":[{"href":"http:\/\/minus16.webd.pl\/index.php?rest_route=%2Fwp%2Fv2%2Fmedia&parent=70"}],"curies":[{"name":"wp","href":"https:\/\/api.w.org\/{rel}","templated":true}]}}