{"id":78,"date":"2017-04-17T23:49:58","date_gmt":"2017-04-17T21:49:58","guid":{"rendered":"http:\/\/minus16.webd.pl\/?page_id=78"},"modified":"2020-03-19T22:18:43","modified_gmt":"2020-03-19T21:18:43","slug":"oferta-handlowa","status":"publish","type":"page","link":"http:\/\/minus16.webd.pl\/?page_id=78","title":{"rendered":"O stronie"},"content":{"rendered":"<p>Nasza strona zosta\u0142a pomy\u015blana jako klucz do zaspokojenia potrzeby klienta.<\/p>\n<p>Stron\u0119 uformowano z poszczeg\u00f3lnych katalog\u00f3w, kt\u00f3re zawieraj\u0105 informcj\u0119 o produktach i us\u0142ugach w podej\u015bciu odpowiednim do sposobu poszukiwania artyku\u0142u lub us\u0142ugi.<\/p>\n<p style=\"text-align: center;\">CHARAKTERYSTYKA KATALOG\u00d3W<\/p>\n<p>\u00a0<\/p>\n<p>PRODUKTY &#8211; LISTA<\/p>\n<p>W katalogu w porzadku alfabetycznym zestawia\u0107 b\u0119dziemy produkty oferowane w sprzeda\u017cy.<\/p>\n<p>\u00a0<\/p>\n<p>ODR\u0118BNA P\u00d3\u0141KA<\/p>\n<p>W katlogu zamierzamy przezentowa\u0107\u00a0 towary, kt\u00f3re maj\u0105 specyficzny charakter, b\u0105d\u017a to ze wzgledu na przeznaczenie, b\u0105d\u017a to ze wzgl\u0119du na wygl\u0105d.<\/p>\n<p>\u00a0<\/p>\n<p>NA ZAM\u00d3WIENIE<\/p>\n<p>W katalogu zamierzamy prezentowa\u0107 towary, kt\u00f3re na zam\u00f3wienie klienta sprowadzimy z hurtowni.<\/p>\n<p>\u00a0<\/p>\n<p>SOKOLE OKO<\/p>\n<p>W katalogu zamierzamy umie\u015bci\u0107 prezentacje naszych p\u00f3\u0142ek sklepowych, gdzie mo\u017cna zobaczy\u0107 i ewentualnie wybra\u0107 potrzebny produkt.<\/p>\n<p>\u00a0<\/p>\n<p>ZABAWKI ONLINE<\/p>\n<p>Katalog zawiera link do naszego sklepu internetowego, oferuj\u0105cego zabawki i artyku\u0142y szkolene.<\/p>\n<p>\u00a0<\/p>\n<p>BIUROWE US\u0141UGI W SKLEPIE<\/p>\n<p>W katalogu opisujemy nasze us\u0142ugi.<\/p>\n<p>\u00a0<\/p>\n\n\n<p><\/p>\n","protected":false},"excerpt":{"rendered":"<p> <a class=\"more-link\" href=\"http:\/\/minus16.webd.pl\/?page_id=78\">Czytaj dalej \u2192<\/a><\/p>\n","protected":false},"author":1,"featured_media":0,"parent":0,"menu_order":0,"comment_status":"closed","ping_status":"closed","template":"","meta":[],"_links":{"self":[{"href":"http:\/\/minus16.webd.pl\/index.php?rest_route=\/wp\/v2\/pages\/78"}],"collection":[{"href":"http:\/\/minus16.webd.pl\/index.php?rest_route=\/wp\/v2\/pages"}],"about":[{"href":"http:\/\/minus16.webd.pl\/index.php?rest_route=\/wp\/v2\/types\/page"}],"author":[{"embeddable":true,"href":"http:\/\/minus16.webd.pl\/index.php?rest_route=\/wp\/v2\/users\/1"}],"replies":[{"embeddable":true,"href":"http:\/\/minus16.webd.pl\/index.php?rest_route=%2Fwp%2Fv2%2Fcomments&post=78"}],"version-history":[{"count":10,"href":"http:\/\/minus16.webd.pl\/index.php?rest_route=\/wp\/v2\/pages\/78\/revisions"}],"predecessor-version":[{"id":585,"href":"http:\/\/minus16.webd.pl\/index.php?rest_route=\/wp\/v2\/pages\/78\/revisions\/585"}],"wp:attachment":[{"href":"http:\/\/minus16.webd.pl\/index.php?rest_route=%2Fwp%2Fv2%2Fmedia&parent=78"}],"curies":[{"name":"wp","href":"https:\/\/api.w.org\/{rel}","templated":true}]}}